{"id":2,"date":"2016-06-20T22:01:03","date_gmt":"2016-06-20T20:01:03","guid":{"rendered":"http:\/\/www.zgkimbierawa.pl\/?page_id=2"},"modified":"2026-02-19T10:56:07","modified_gmt":"2026-02-19T09:56:07","slug":"przykladowa-strona","status":"publish","type":"page","link":"https:\/\/www.zgkimbierawa.pl\/","title":{"rendered":"Kontakt \/ dane Zak\u0142adu"},"content":{"rendered":"<p style=\"text-align: center;\"><strong>Zak\u0142ad Gospodarki Komunalnej<br \/>\ni Mieszkaniowej w Bierawie<br \/>\nul. Wojska Polskiego 12<br \/>\n47 &#8211; 240 BIERAWA<\/strong><\/p>\n<p style=\"text-align: center;\"><strong>Regon 531363220<img decoding=\"async\" src=\"data:image\/png;base64,iVBORw0KGgoAAAANSUhEUgAAABAAAAAQCAMAAAAoLQ9TAAAAA3NCSVQICAjb4U\/gAAAAQlBMVEX\/\/\/9CixlCixlCixlCixlCixlCixn\/\/\/\/i7dze69fM4MHE27e61auuzZ2tzpSjx4+ew4l4rFtqpEpZmTVIjyBCixn5RQ7WAAAAFnRSTlMAIkSIqszu\/\/\/\/\/\/\/\/\/\/\/\/\/\/\/\/\/\/\/\/slzZ2gAAAAlwSFlzAAAK8AAACvABQqw0mAAAABh0RVh0U29mdHdhcmUAQWRvYmUgRmlyZXdvcmtzT7MfTgAAABZ0RVh0Q3JlYXRpb24gVGltZQAwMy8zMS8wON7yaHoAAAB3SURBVBiVZY\/bDoAgDEORyaYg3vv\/v2oFY4yctzVtujpHvATVIN5VOlEUVLpy93jpb0XwQZjXY41WiOuhnoZktmzAtpglWgLimCcDbMpjRHCKNMw1Mg8JSgFnrkI+Wc0IdnvYwQhb7eXu9foVWNs81r7ejPvNvwCnSQqNc6SSvAAAAABJRU5ErkJggg==\" name=\"fcnmcallimage\" \/><br \/>\nNIP 749 &#8211; 17 &#8211; 86 &#8211; 596<\/strong><\/p>\n<p style=\"text-align: center;\">telefon: 077\/4872-743, 077\/4872-804 wew.140<br \/>\nfax: 077\/4872-821<br \/>\ne-mail:\u00a0<span class=\"liam101\"><a href=\"mailto:zgkim.bierawa@interia.pl\">zgkim@zgkimbierawa.pl<\/a><br \/>\nAdres do eDor\u0119cze\u0144: AE:PL-78736-61960-VWGAW-08<br \/>\n<\/span><\/p>\n<p style=\"text-align: center;\">konto bankowe:<br \/>\nPowiatowy Bank Sp\u00f3\u0142dzielczy<br \/>\nw K\u0119dzierzynie- Ko\u017alu<br \/>\nO\/ Polska Cerekiew<br \/>\n95 8882 1016 2002 0009 9987 0021<\/p>\n<p style=\"text-align: center;\"><em><strong>op\u0142aty za gospodarowanie odpadami komunalnymi:<\/strong><\/em><\/p>\n<p style=\"text-align: center;\">14 8882 1016 2002 0009 9987 0024<\/p>\n<p style=\"text-align: center;\"><strong>Dyrektor Zak\u0142adu &#8211; in\u017c. Piotr Walkiewicz<br \/>\nG\u0142\u00f3wna Ksi\u0119gowa &#8211; mgr\u00a0Ma\u0142gorzata Pa\u0142ac<\/strong><\/p>\n<p style=\"text-align: center;\">Pracownicy techniczno-administracyjni:<\/p>\n<p style=\"text-align: center;\">mgr Mariola Komander &#8211; st. inspektor<\/p>\n<p style=\"text-align: center;\">mgr in\u017c. Ewa Sobota &#8211; inspektor<\/p>\n<p style=\"text-align: center;\">mgr in\u017c. Ewa \u017bubrawska &#8211; referent<\/p>\n<p style=\"text-align: center;\">Magdalena Jureczko &#8211; referent<\/p>\n<p style=\"text-align: center;\"><strong>Zapraszamy do siedziby Zak\u0142adu w godzinach:<\/strong><\/p>\n<p style=\"text-align: center;\">w poniedzia\u0142ki od 8.00 do 16.00<\/p>\n<p style=\"text-align: center;\">wtorek &#8211; pi\u0105tek od 7.00 do 15.00<\/p>\n<p style=\"text-align: center;\"><strong>Kasa Zak\u0142adu czynna w godzinach:<\/strong><\/p>\n<p style=\"text-align: center;\">w poniedzia\u0142ki od 8.15 do 15.30<\/p>\n<p style=\"text-align: center;\">wtorek &#8211; pi\u0105tek od 7.15 do 13.30<\/p>\n<p>&nbsp;<\/p>\n","protected":false},"excerpt":{"rendered":"<p>Zak\u0142ad Gospodarki Komunalnej i Mieszkaniowej w Bierawie ul. Wojska Polskiego 12 47 &#8211; 240 BIERAWA Regon 531363220 NIP 749 &#8211; 17 &#8211; 86 &#8211; 596 telefon: 077\/4872-743, 077\/4872-804 wew.140 fax: 077\/4872-821 e-mail:\u00a0zgkim@zgkimbierawa.pl Adres do eDor\u0119cze\u0144: AE:PL-78736-61960-VWGAW-08 konto bankowe: Powiatowy Bank Sp\u00f3\u0142dzielczy w K\u0119dzierzynie- Ko\u017alu O\/ Polska Cerekiew 95 8882 1016 2002 0009 9987 0021 op\u0142aty [&hellip;]<\/p>\n","protected":false},"author":1,"featured_media":0,"parent":0,"menu_order":0,"comment_status":"closed","ping_status":"open","template":"","meta":{"footnotes":""},"class_list":["post-2","page","type-page","status-publish","hentry"],"_links":{"self":[{"href":"https:\/\/www.zgkimbierawa.pl\/index.php\/wp-json\/wp\/v2\/pages\/2","targetHints":{"allow":["GET"]}}],"collection":[{"href":"https:\/\/www.zgkimbierawa.pl\/index.php\/wp-json\/wp\/v2\/pages"}],"about":[{"href":"https:\/\/www.zgkimbierawa.pl\/index.php\/wp-json\/wp\/v2\/types\/page"}],"author":[{"embeddable":true,"href":"https:\/\/www.zgkimbierawa.pl\/index.php\/wp-json\/wp\/v2\/users\/1"}],"replies":[{"embeddable":true,"href":"https:\/\/www.zgkimbierawa.pl\/index.php\/wp-json\/wp\/v2\/comments?post=2"}],"version-history":[{"count":16,"href":"https:\/\/www.zgkimbierawa.pl\/index.php\/wp-json\/wp\/v2\/pages\/2\/revisions"}],"predecessor-version":[{"id":769,"href":"https:\/\/www.zgkimbierawa.pl\/index.php\/wp-json\/wp\/v2\/pages\/2\/revisions\/769"}],"wp:attachment":[{"href":"https:\/\/www.zgkimbierawa.pl\/index.php\/wp-json\/wp\/v2\/media?parent=2"}],"curies":[{"name":"wp","href":"https:\/\/api.w.org\/{rel}","templated":true}]}}